{"id":37,"date":"2020-06-03T14:13:53","date_gmt":"2020-06-03T11:13:53","guid":{"rendered":"http:\/\/demo.safirtema.com\/rota\/?page_id=37"},"modified":"2025-05-08T23:12:03","modified_gmt":"2025-05-08T20:12:03","slug":"ekibimiz","status":"publish","type":"page","link":"https:\/\/www.ncinsaat.com\/index.php\/ekibimiz\/","title":{"rendered":"Ekibimiz"},"content":{"rendered":"\n<figure class=\"wp-block-gallery has-nested-images columns-default is-cropped wp-block-gallery-1 is-layout-flex wp-block-gallery-is-layout-flex\"><\/figure>\n\n\n\n<p>\u0130\u00e7erik haz\u0131rlan\u0131yor&#8230;<\/p>\n","protected":false},"excerpt":{"rendered":"<p>\u0130\u00e7erik haz\u0131rlan\u0131yor&#8230;<\/p>\n","protected":false},"author":1,"featured_media":0,"parent":0,"menu_order":0,"comment_status":"closed","ping_status":"closed","template":"pages\/page-crew.php","meta":{"footnotes":""},"class_list":["post-37","page","type-page","status-publish","hentry"],"aioseo_notices":[],"_links":{"self":[{"href":"https:\/\/www.ncinsaat.com\/index.php\/wp-json\/wp\/v2\/pages\/37","targetHints":{"allow":["GET"]}}],"collection":[{"href":"https:\/\/www.ncinsaat.com\/index.php\/wp-json\/wp\/v2\/pages"}],"about":[{"href":"https:\/\/www.ncinsaat.com\/index.php\/wp-json\/wp\/v2\/types\/page"}],"author":[{"embeddable":true,"href":"https:\/\/www.ncinsaat.com\/index.php\/wp-json\/wp\/v2\/users\/1"}],"replies":[{"embeddable":true,"href":"https:\/\/www.ncinsaat.com\/index.php\/wp-json\/wp\/v2\/comments?post=37"}],"version-history":[{"count":4,"href":"https:\/\/www.ncinsaat.com\/index.php\/wp-json\/wp\/v2\/pages\/37\/revisions"}],"predecessor-version":[{"id":303,"href":"https:\/\/www.ncinsaat.com\/index.php\/wp-json\/wp\/v2\/pages\/37\/revisions\/303"}],"wp:attachment":[{"href":"https:\/\/www.ncinsaat.com\/index.php\/wp-json\/wp\/v2\/media?parent=37"}],"curies":[{"name":"wp","href":"https:\/\/api.w.org\/{rel}","templated":true}]}}