{"id":82,"date":"2020-06-03T20:55:10","date_gmt":"2020-06-03T17:55:10","guid":{"rendered":"http:\/\/demo.safirtema.com\/rota\/?page_id=82"},"modified":"2025-05-14T23:19:44","modified_gmt":"2025-05-14T20:19:44","slug":"hakkimizda","status":"publish","type":"page","link":"https:\/\/www.ncinsaat.com\/index.php\/hakkimizda\/","title":{"rendered":"Hakk\u0131m\u0131zda"},"content":{"rendered":"\n<figure class=\"wp-block-image size-large\"><img loading=\"lazy\" decoding=\"async\" width=\"1024\" height=\"560\" src=\"https:\/\/www.ncinsaat.com\/wp-content\/uploads\/2025\/05\/nc_ruzgar_gulu-1024x560.jpg\" alt=\"\" class=\"wp-image-289\" srcset=\"https:\/\/www.ncinsaat.com\/wp-content\/uploads\/2025\/05\/nc_ruzgar_gulu-1024x560.jpg 1024w, https:\/\/www.ncinsaat.com\/wp-content\/uploads\/2025\/05\/nc_ruzgar_gulu-300x164.jpg 300w, https:\/\/www.ncinsaat.com\/wp-content\/uploads\/2025\/05\/nc_ruzgar_gulu-768x420.jpg 768w, https:\/\/www.ncinsaat.com\/wp-content\/uploads\/2025\/05\/nc_ruzgar_gulu.jpg 1200w\" sizes=\"auto, (max-width: 1024px) 100vw, 1024px\" \/><\/figure>\n\n\n\n<div class=\"wp-block-safirtema-mainheading mainHeading\"><div class=\"inner\"><div class=\"icon safiricon icon37\"><\/div><div class=\"text\">N\u00c7 \u0130n\u015faat ve Enerji<\/div><\/div><\/div>\n\n\n\n<p>N\u00c7 \u0130n\u015faat Enerji Sanayi ve Ticaret Limited \u015eirketi olarak, R\u00fczgar Enerji Santralleri (RES) projelerinin kritik bir a\u015famas\u0131 olan t\u00fcrbin temel betonarme imalatlar\u0131nda, malzeme dahil veya yaln\u0131zca i\u015f\u00e7ilik esas\u0131na dayal\u0131 olmak \u00fczere uzmanla\u015fm\u0131\u015f hizmetler sunmaktay\u0131z. \u015eirketimizin kurucusu, 2019 y\u0131l\u0131nda saha m\u00fchendisi olarak ad\u0131m att\u0131\u011f\u0131 RES projeleri sekt\u00f6r\u00fcnde, ilerleyen s\u00fcre\u00e7te y\u00fcklenici ve yat\u0131r\u0131mc\u0131 firmalara proje m\u00fcd\u00fcrl\u00fc\u011f\u00fc pozisyonunda liderlik etmi\u015ftir. Bu deneyim ve bilgi birikimi neticesinde, r\u00fczgar enerjisi alan\u0131ndaki yetkinli\u011fimizi kurumsal bir yap\u0131 alt\u0131nda s\u00fcrd\u00fcrmek amac\u0131yla N\u00c7 \u0130n\u015faat Enerji kurulmu\u015ftur.<\/p>\n\n\n\n<p>Firmam\u0131z, t\u00fcm operasyonel s\u00fcre\u00e7lerinde i\u015f\u00e7i sa\u011fl\u0131\u011f\u0131 ve g\u00fcvenli\u011fini en \u00fcst d\u00fczeyde tutmay\u0131 temel bir prensip olarak benimsemektedir. Kaliteli i\u015f\u00e7ilik anlay\u0131\u015f\u0131n\u0131 kurum k\u00fclt\u00fcr\u00fcyle b\u00fct\u00fcnle\u015ftiren N\u00c7 \u0130n\u015faat Enerji, projelerinde en son teknolojiye sahip, tamamen yeni ve s\u0131f\u0131r makine ve ekipman park\u0131yla faaliyet g\u00f6stermektedir. Bu sayede, sekt\u00f6rdeki payda\u015flar\u0131m\u0131za y\u00fcksek standartlarda ve g\u00fcvenilir hizmetler sunmay\u0131 hedeflemekteyiz.<\/p>\n\n\n\n<p>N\u00c7 \u0130n\u015faat Enerji Sanayi ve Ticaret Limited \u015eirketi olarak, R\u00fczgar Enerji Santralleri (RES) projelerinde temel projelendirmesi, t\u00fcrbin temel imalat\u0131, yol ve platform hafriyat\u0131 ile yol ve vin\u00e7 platformu projelendirilmesi gibi m\u00fchendislik ve in\u015faat alanlar\u0131nda kapsaml\u0131 hizmetler sunmaktay\u0131z. \u015eirketimizin kurucusu, 2019 y\u0131l\u0131nda in\u015faat m\u00fchendisi olarak ba\u015flad\u0131\u011f\u0131 RES projeleri sekt\u00f6r\u00fcnde, ilerleyen s\u00fcre\u00e7te y\u00fcklenici ve yat\u0131r\u0131mc\u0131 firmalara proje m\u00fcd\u00fcr\u00fc pozisyonunda g\u00f6rev alm\u0131\u015ft\u0131r. Bu tecr\u00fcbe ve uzmanl\u0131k, r\u00fczgar enerjisi sekt\u00f6r\u00fcndeki bilgi birikimimizi kurumsal bir \u00e7at\u0131 alt\u0131nda birle\u015ftirerek N\u00c7 \u0130n\u015faat Enerji&#8217;nin faaliyetlerine ba\u015flamas\u0131na olanak tan\u0131m\u0131\u015ft\u0131r.<\/p>\n\n\n\n<p>Firmam\u0131z, t\u00fcm operasyonel s\u00fcre\u00e7lerinde i\u015f\u00e7i sa\u011fl\u0131\u011f\u0131 ve g\u00fcvenli\u011fini en \u00fcst d\u00fczeyde \u00f6nceliklendirmektedir. Kaliteli i\u015f\u00e7ilik prensibini temel bir de\u011fer olarak benimseyen N\u00c7 \u0130n\u015faat Enerji, projelerinde en son teknolojiye sahip, tamamen yeni ve s\u0131f\u0131r makine ve ekipman park\u0131yla hizmet vermektedir. Bu yakla\u015f\u0131m\u0131m\u0131z, sekt\u00f6rdeki payda\u015flar\u0131m\u0131za y\u00fcksek standartlarda, g\u00fcvenilir ve etkin \u00e7\u00f6z\u00fcmler sunma taahh\u00fcd\u00fcm\u00fcz\u00fcn bir g\u00f6stergesidir.<\/p>\n\n\n\n<p><strong>Misyonumuz:<\/strong><br><strong>N\u00c7 \u0130N\u015eAAT ENERJ\u0130 SANAY\u0130 ve T\u0130CARET L\u0130M\u0130TED \u015e\u0130RKET\u0130<\/strong> olarak temel misyonumuz, temiz ve yenilenebilir enerji kaynaklar\u0131n\u0131n yayg\u0131nla\u015ft\u0131r\u0131lmas\u0131 y\u00f6n\u00fcnde \u00f6nc\u00fc bir rol \u00fcstlenmektir. Bu do\u011frultuda, \u00e7evresel s\u00fcrd\u00fcr\u00fclebilirlik ilkeleri \u00e7er\u00e7evesinde enerji \u00fcretimini te\u015fvik etmek, karbon emisyonlar\u0131n\u0131n azalt\u0131lmas\u0131na katk\u0131da bulunmak ve enerji gereksinimlerinin gelecek nesillerin ihtiya\u00e7lar\u0131n\u0131 da g\u00f6z \u00f6n\u00fcnde bulundurarak kar\u015f\u0131lanmas\u0131n\u0131 sa\u011flamak \u00f6nceliklerimiz aras\u0131ndad\u0131r.<\/p>\n\n\n\n<p><strong>Vizyonumuz:<\/strong><br>\u015eirketimizin uzun vadeli vizyonu, r\u00fczgar enerjisi sekt\u00f6r\u00fcndeki geli\u015fmelere liderlik etmek ve bu alandaki teknolojik inovasyonlara aktif olarak katk\u0131da bulunmakt\u0131r. \u0130n\u015faat alan\u0131ndaki k\u00f6kl\u00fc tecr\u00fcbemizi s\u00fcrd\u00fcr\u00fclebilirlik prensipleriyle b\u00fct\u00fcnle\u015ftirerek, r\u00fczgar enerjisi santrallerinin in\u015fas\u0131nda uluslararas\u0131 d\u00fczeyde sayg\u0131n ve tan\u0131nan bir marka olmak hedefimizdir.<\/p>\n\n\n\n<div class=\"wp-block-safirtema-mainheading mainHeading\"><div class=\"inner\"><div class=\"icon safiricon\"><svg class=\"safiricon-icon35\"><use href=\"#safiricon-icon35\"><\/use><\/svg><\/div><div class=\"text\">\u00c7\u00f6z\u00fcm Orta\u011f\u0131m\u0131z<\/div><\/div><\/div>\n\n\n\n<ul class=\"wp-block-list\">\n<li><a href=\"https:\/\/www.cekaen.com.tr\/\" target=\"_blank\" rel=\"noopener nofollow sponsored\" title=\"\">CEKAEN \u0130n\u015faat Enerji Ticaret Limited \u015eirketi<\/a><\/li>\n<\/ul>\n","protected":false},"excerpt":{"rendered":"<p>N\u00c7 \u0130n\u015faat ve Enerji N\u00c7 \u0130n\u015faat Enerji Sanayi ve Ticaret Limited \u015eirketi olarak, R\u00fczgar Enerji Santralleri (RES) projelerinin kritik bir a\u015famas\u0131 olan t\u00fcrbin temel betonarme imalatlar\u0131nda, malzeme dahil veya yaln\u0131zca i\u015f\u00e7ilik esas\u0131na dayal\u0131 olmak \u00fczere uzmanla\u015fm\u0131\u015f hizmetler sunmaktay\u0131z. \u015eirketimizin kurucusu, 2019 y\u0131l\u0131nda saha m\u00fchendisi olarak ad\u0131m att\u0131\u011f\u0131 RES projeleri sekt\u00f6r\u00fcnde, ilerleyen s\u00fcre\u00e7te y\u00fcklenici ve yat\u0131r\u0131mc\u0131 [&hellip;]<\/p>\n","protected":false},"author":1,"featured_media":0,"parent":0,"menu_order":0,"comment_status":"closed","ping_status":"closed","template":"","meta":{"footnotes":""},"class_list":["post-82","page","type-page","status-publish","hentry"],"aioseo_notices":[],"_links":{"self":[{"href":"https:\/\/www.ncinsaat.com\/index.php\/wp-json\/wp\/v2\/pages\/82","targetHints":{"allow":["GET"]}}],"collection":[{"href":"https:\/\/www.ncinsaat.com\/index.php\/wp-json\/wp\/v2\/pages"}],"about":[{"href":"https:\/\/www.ncinsaat.com\/index.php\/wp-json\/wp\/v2\/types\/page"}],"author":[{"embeddable":true,"href":"https:\/\/www.ncinsaat.com\/index.php\/wp-json\/wp\/v2\/users\/1"}],"replies":[{"embeddable":true,"href":"https:\/\/www.ncinsaat.com\/index.php\/wp-json\/wp\/v2\/comments?post=82"}],"version-history":[{"count":13,"href":"https:\/\/www.ncinsaat.com\/index.php\/wp-json\/wp\/v2\/pages\/82\/revisions"}],"predecessor-version":[{"id":405,"href":"https:\/\/www.ncinsaat.com\/index.php\/wp-json\/wp\/v2\/pages\/82\/revisions\/405"}],"wp:attachment":[{"href":"https:\/\/www.ncinsaat.com\/index.php\/wp-json\/wp\/v2\/media?parent=82"}],"curies":[{"name":"wp","href":"https:\/\/api.w.org\/{rel}","templated":true}]}}